{"id":1399,"date":"2025-06-08T10:45:17","date_gmt":"2025-06-08T10:45:17","guid":{"rendered":"https:\/\/linkbuildingfrance.fr\/?page_id=1399"},"modified":"2025-06-08T11:43:18","modified_gmt":"2025-06-08T11:43:18","slug":"conditions-dutilisation","status":"publish","type":"page","link":"https:\/\/linkbuildingfrance.fr\/fr\/conditions-dutilisation\/","title":{"rendered":"Conditions d'utilisation"},"content":{"rendered":"<div data-elementor-type=\"wp-page\" data-elementor-id=\"1399\" class=\"elementor elementor-1399\">\n\t\t\t\t\t\t<section class=\"elementor-section elementor-top-section elementor-element elementor-element-acb4d0b elementor-section-content-middle elementor-section-boxed elementor-section-height-default elementor-section-height-default\" data-id=\"acb4d0b\" data-element_type=\"section\" data-e-type=\"section\">\n\t\t\t\t\t\t<div class=\"elementor-container elementor-column-gap-default\">\n\t\t\t\t\t<div class=\"elementor-column elementor-col-100 elementor-top-column elementor-element elementor-element-8f4b021\" data-id=\"8f4b021\" data-element_type=\"column\" data-e-type=\"column\">\n\t\t\t<div class=\"elementor-widget-wrap elementor-element-populated\">\n\t\t\t\t\t\t<div class=\"elementor-element elementor-element-f60779a elementor-widget elementor-widget-heading\" data-id=\"f60779a\" data-element_type=\"widget\" data-e-type=\"widget\" data-widget_type=\"heading.default\">\n\t\t\t\t<div class=\"elementor-widget-container\">\n\t\t\t\t\t<h2 class=\"elementor-heading-title elementor-size-default\">Conditions d'utilisation<\/h2>\t\t\t\t<\/div>\n\t\t\t\t<\/div>\n\t\t\t\t\t<\/div>\n\t\t<\/div>\n\t\t\t\t\t<\/div>\n\t\t<\/section>\n\t\t<div class=\"elementor-element elementor-element-c507d72 e-flex e-con-boxed e-con e-parent\" data-id=\"c507d72\" data-element_type=\"container\" data-e-type=\"container\">\n\t\t\t\t\t<div class=\"e-con-inner\">\n\t\t\t\t<div class=\"elementor-element elementor-element-1135ac3 elementor-widget elementor-widget-text-editor\" data-id=\"1135ac3\" data-element_type=\"widget\" data-e-type=\"widget\" data-widget_type=\"text-editor.default\">\n\t\t\t\t<div class=\"elementor-widget-container\">\n\t\t\t\t\t\t\t\t\t<p data-start=\"226\" data-end=\"259\"><strong data-start=\"226\" data-end=\"259\">Date d'entr\u00e9e en vigueur : [2025.06.08]<\/strong><\/p><p data-start=\"261\" data-end=\"533\">Bienvenue \u00e0 <strong data-start=\"272\" data-end=\"295\">LinkBuilding France<\/strong> (\"nous\", \"notre\" ou \"nos\"). Les pr\u00e9sentes conditions d'utilisation (\"conditions\") r\u00e9gissent votre utilisation de notre site web situ\u00e9 \u00e0 l'adresse suivante <a class=\"\" href=\"https:\/\/linkbuildingfrance.fr\/fr\/\" target=\"_new\" rel=\"noopener\" data-start=\"391\" data-end=\"453\">https:\/\/linkbuildingfrance.fr<\/a> (le \"Site\") et nos services de cr\u00e9ation de liens et de marketing num\u00e9rique (les \"Services\").<\/p><p data-start=\"535\" data-end=\"653\">En acc\u00e9dant \u00e0 notre site ou en l'utilisant, vous acceptez d'\u00eatre li\u00e9 par les pr\u00e9sentes conditions. Si vous n'\u00eates pas d'accord, veuillez ne pas utiliser notre site.<\/p><hr data-start=\"655\" data-end=\"658\" \/><h6>1. Utilisation du site<\/h6><p data-start=\"683\" data-end=\"761\">Vous acceptez de n'utiliser le site et les services qu'\u00e0 des fins l\u00e9gales. Vous ne devez pas :<\/p><ul data-start=\"763\" data-end=\"956\"><li data-start=\"763\" data-end=\"808\"><p data-start=\"765\" data-end=\"808\">violer toute loi ou r\u00e9glementation applicable.<\/p><\/li><li data-start=\"809\" data-end=\"871\"><p data-start=\"811\" data-end=\"871\">Tenter d'obtenir un acc\u00e8s non autoris\u00e9 \u00e0 toute partie du site.<\/p><\/li><li data-start=\"872\" data-end=\"956\"><p data-start=\"874\" data-end=\"956\">Utiliser le site d'une mani\u00e8re qui pourrait l'endommager, le d\u00e9sactiver ou interf\u00e9rer avec son fonctionnement.<\/p><\/li><\/ul><p data-start=\"958\" data-end=\"1042\">Nous nous r\u00e9servons le droit de restreindre votre acc\u00e8s ou d'y mettre fin si vous ne respectez pas les pr\u00e9sentes conditions.<\/p><hr data-start=\"1044\" data-end=\"1047\" \/><h6>2. La propri\u00e9t\u00e9 intellectuelle<\/h6><p data-start=\"1078\" data-end=\"1325\">Tout le contenu de ce site, y compris le texte, les images, les graphiques, les logos et le code, est la propri\u00e9t\u00e9 intellectuelle de LinkBuilding France ou de nos conc\u00e9dants de licence. Vous ne pouvez pas copier, distribuer, modifier ou reproduire toute partie du Site sans notre accord \u00e9crit.<\/p><hr data-start=\"1327\" data-end=\"1330\" \/><h6>3. Les services<\/h6><p data-start=\"1348\" data-end=\"1478\">Nous proposons des services de cr\u00e9ation de liens et de r\u00e9f\u00e9rencement. Tous les accords de services sont soumis \u00e0 des contrats s\u00e9par\u00e9s ou \u00e0 une confirmation \u00e9crite.<\/p><p data-start=\"1480\" data-end=\"1693\">Nous nous r\u00e9servons le droit de modifier ou d'interrompre tout service \u00e0 tout moment et sans pr\u00e9avis. Nous ne sommes pas responsables des garanties de classement ou des r\u00e9sultats sp\u00e9cifiques en mati\u00e8re de r\u00e9f\u00e9rencement, car ceux-ci d\u00e9pendent de facteurs externes \u00e9chappant \u00e0 notre contr\u00f4le.<\/p><hr data-start=\"1695\" data-end=\"1698\" \/><h6>4. Conditions de paiement<\/h6><p data-start=\"1721\" data-end=\"1856\">Les tarifs de nos services sont convenus individuellement. Tous les paiements doivent \u00eatre effectu\u00e9s conform\u00e9ment aux conditions pr\u00e9vues dans les factures ou les contrats.<\/p><p data-start=\"1858\" data-end=\"1929\">Le non-respect des d\u00e9lais de paiement peut entra\u00eener la suspension ou la r\u00e9siliation du service.<\/p><hr data-start=\"1931\" data-end=\"1934\" \/><h6>5. Exclusion de garantie<\/h6><p data-start=\"1968\" data-end=\"2082\">Notre site et nos services sont fournis \"en l'\u00e9tat\" et \"tels que disponibles\" sans garantie d'aucune sorte. Nous ne garantissons pas :<\/p><ul data-start=\"2084\" data-end=\"2202\"><li data-start=\"2084\" data-end=\"2145\"><p data-start=\"2086\" data-end=\"2145\">que le site sera exempt d'erreurs ou disponible \u00e0 tout moment.<\/p><\/li><li data-start=\"2146\" data-end=\"2202\"><p data-start=\"2148\" data-end=\"2202\">Ces services se traduiront par des performances sp\u00e9cifiques en mati\u00e8re de r\u00e9f\u00e9rencement.<\/p><\/li><\/ul><p data-start=\"2204\" data-end=\"2251\">Vous utilisez notre site et nos services \u00e0 vos propres risques.<\/p><hr data-start=\"2253\" data-end=\"2256\" \/><h6>6. Limitation de la responsabilit\u00e9<\/h6><p data-start=\"2289\" data-end=\"2476\">Dans toute la mesure permise par la loi, LinkBuilding France ne sera pas responsable des dommages indirects, accidentels ou cons\u00e9cutifs r\u00e9sultant de votre utilisation du Site ou de nos Services.<\/p><hr data-start=\"2478\" data-end=\"2481\" \/><h6>7. Liens externes<\/h6><p data-start=\"2505\" data-end=\"2648\">Notre site peut contenir des liens vers des sites web de tiers. Nous ne sommes pas responsables du contenu ou des pratiques de ces sites et ne les approuvons pas.<\/p><hr data-start=\"2650\" data-end=\"2653\" \/><h6>8. Respect de la vie priv\u00e9e<\/h6><p data-start=\"2670\" data-end=\"2843\">Votre utilisation du site est \u00e9galement r\u00e9gie par notre <a class=\"cursor-pointer\" target=\"_new\" rel=\"noopener\" data-start=\"2715\" data-end=\"2777\">Politique de confidentialit\u00e9<\/a>. Veuillez le consulter pour obtenir des informations sur la mani\u00e8re dont nous collectons et utilisons les donn\u00e9es.<\/p><hr data-start=\"2845\" data-end=\"2848\" \/><h6>9. Modifications des conditions<\/h6><p data-start=\"2874\" data-end=\"3070\">Nous nous r\u00e9servons le droit de mettre \u00e0 jour les pr\u00e9sentes conditions \u00e0 tout moment. Nous publierons les modifications sur cette page avec une date d'entr\u00e9e en vigueur r\u00e9vis\u00e9e. En continuant \u00e0 utiliser le site, vous acceptez les conditions mises \u00e0 jour.<\/p><hr data-start=\"3072\" data-end=\"3075\" \/><h6>10. Droit applicable<\/h6><p data-start=\"3099\" data-end=\"3276\">Les pr\u00e9sentes conditions sont r\u00e9gies et interpr\u00e9t\u00e9es conform\u00e9ment au droit fran\u00e7ais. Tout litige sera soumis \u00e0 la comp\u00e9tence exclusive des tribunaux de Paris, France.<\/p>\t\t\t\t\t\t\t\t<\/div>\n\t\t\t\t<\/div>\n\t\t\t\t\t<\/div>\n\t\t\t\t<\/div>\n\t\t\t\t<\/div>","protected":false},"excerpt":{"rendered":"<p>Conditions d'utilisation Date d'entr\u00e9e en vigueur : [2025.06.08] Bienvenue sur le site de LinkBuilding France (\"nous\", \"notre\" ou \"nos\"). Ces conditions d'utilisation (\"Conditions\") r\u00e9gissent votre utilisation [...]<\/p>","protected":false},"author":1,"featured_media":0,"parent":0,"menu_order":0,"comment_status":"closed","ping_status":"closed","template":"page-templates\/page_front-page.php","meta":{"footnotes":""},"class_list":["post-1399","page","type-page","status-publish","hentry"],"_links":{"self":[{"href":"https:\/\/linkbuildingfrance.fr\/fr\/wp-json\/wp\/v2\/pages\/1399","targetHints":{"allow":["GET"]}}],"collection":[{"href":"https:\/\/linkbuildingfrance.fr\/fr\/wp-json\/wp\/v2\/pages"}],"about":[{"href":"https:\/\/linkbuildingfrance.fr\/fr\/wp-json\/wp\/v2\/types\/page"}],"author":[{"embeddable":true,"href":"https:\/\/linkbuildingfrance.fr\/fr\/wp-json\/wp\/v2\/users\/1"}],"replies":[{"embeddable":true,"href":"https:\/\/linkbuildingfrance.fr\/fr\/wp-json\/wp\/v2\/comments?post=1399"}],"version-history":[{"count":5,"href":"https:\/\/linkbuildingfrance.fr\/fr\/wp-json\/wp\/v2\/pages\/1399\/revisions"}],"predecessor-version":[{"id":1425,"href":"https:\/\/linkbuildingfrance.fr\/fr\/wp-json\/wp\/v2\/pages\/1399\/revisions\/1425"}],"wp:attachment":[{"href":"https:\/\/linkbuildingfrance.fr\/fr\/wp-json\/wp\/v2\/media?parent=1399"}],"curies":[{"name":"wp","href":"https:\/\/api.w.org\/{rel}","templated":true}]}}