{"id":1390,"date":"2025-06-08T10:33:42","date_gmt":"2025-06-08T10:33:42","guid":{"rendered":"https:\/\/linkbuildingfrance.fr\/?page_id=1390"},"modified":"2025-06-08T11:43:51","modified_gmt":"2025-06-08T11:43:51","slug":"politique-de-confidentialite-2","status":"publish","type":"page","link":"https:\/\/linkbuildingfrance.fr\/fr\/politique-de-confidentialite-2\/","title":{"rendered":"Politique de confidentialit\u00e9"},"content":{"rendered":"<div data-elementor-type=\"wp-page\" data-elementor-id=\"1390\" class=\"elementor elementor-1390\">\n\t\t\t\t\t\t<section class=\"elementor-section elementor-top-section elementor-element elementor-element-acb4d0b elementor-section-content-middle elementor-section-boxed elementor-section-height-default elementor-section-height-default\" data-id=\"acb4d0b\" data-element_type=\"section\" data-e-type=\"section\">\n\t\t\t\t\t\t<div class=\"elementor-container elementor-column-gap-default\">\n\t\t\t\t\t<div class=\"elementor-column elementor-col-100 elementor-top-column elementor-element elementor-element-8f4b021\" data-id=\"8f4b021\" data-element_type=\"column\" data-e-type=\"column\">\n\t\t\t<div class=\"elementor-widget-wrap elementor-element-populated\">\n\t\t\t\t\t\t<div class=\"elementor-element elementor-element-f60779a elementor-widget elementor-widget-heading\" data-id=\"f60779a\" data-element_type=\"widget\" data-e-type=\"widget\" data-widget_type=\"heading.default\">\n\t\t\t\t<div class=\"elementor-widget-container\">\n\t\t\t\t\t<h2 class=\"elementor-heading-title elementor-size-default\">Politique de confidentialit\u00e9<\/h2>\t\t\t\t<\/div>\n\t\t\t\t<\/div>\n\t\t\t\t\t<\/div>\n\t\t<\/div>\n\t\t\t\t\t<\/div>\n\t\t<\/section>\n\t\t<div class=\"elementor-element elementor-element-c507d72 e-flex e-con-boxed e-con e-parent\" data-id=\"c507d72\" data-element_type=\"container\" data-e-type=\"container\">\n\t\t\t\t\t<div class=\"e-con-inner\">\n\t\t\t\t<div class=\"elementor-element elementor-element-1135ac3 elementor-widget elementor-widget-text-editor\" data-id=\"1135ac3\" data-element_type=\"widget\" data-e-type=\"widget\" data-widget_type=\"text-editor.default\">\n\t\t\t\t<div class=\"elementor-widget-container\">\n\t\t\t\t\t\t\t\t\t<p data-start=\"200\" data-end=\"233\"><strong data-start=\"200\" data-end=\"233\">Date d'entr\u00e9e en vigueur : [2025.06.08]<\/strong><\/p><p data-start=\"235\" data-end=\"490\">LinkBuilding France (\"nous\", \"notre\", ou \"nos\") accorde une grande importance \u00e0 votre vie priv\u00e9e. Cette politique de confidentialit\u00e9 explique comment nous collectons, utilisons et prot\u00e9geons vos donn\u00e9es personnelles lorsque vous visitez notre site web <a class=\"\" href=\"https:\/\/linkbuildingfrance.fr\/fr\/\" target=\"_new\" rel=\"noopener\" data-start=\"407\" data-end=\"469\">https:\/\/linkbuildingfrance.fr<\/a> ou d'utiliser nos services.<\/p><hr data-start=\"492\" data-end=\"495\" \/><h4>1. Les informations que nous collectons<\/h4><p data-start=\"527\" data-end=\"591\">Nous pouvons collecter et traiter les types de donn\u00e9es \u00e0 caract\u00e8re personnel suivants :<\/p><ul data-start=\"593\" data-end=\"908\"><li data-start=\"593\" data-end=\"691\"><p data-start=\"595\" data-end=\"691\"><strong data-start=\"595\" data-end=\"618\">Informations sur le contact<\/strong>: Nom, adresse \u00e9lectronique, num\u00e9ro de t\u00e9l\u00e9phone (lorsque vous remplissez notre formulaire de contact).<\/p><\/li><li data-start=\"692\" data-end=\"826\"><p data-start=\"694\" data-end=\"826\"><strong data-start=\"694\" data-end=\"712\">Donn\u00e9es techniques<\/strong>: Adresse IP, type de navigateur, syst\u00e8me d'exploitation, URL de r\u00e9f\u00e9rence et journaux d'activit\u00e9 (via des cookies et des outils d'analyse).<\/p><\/li><li data-start=\"827\" data-end=\"908\"><p data-start=\"829\" data-end=\"908\"><strong data-start=\"829\" data-end=\"851\">Donn\u00e9es de communication<\/strong>: Toute information que vous fournissez lorsque vous communiquez avec nous.<\/p><\/li><\/ul><hr data-start=\"910\" data-end=\"913\" \/><h4>2. Comment nous utilisons vos informations<\/h4><p data-start=\"950\" data-end=\"979\">Nous utilisons vos donn\u00e9es personnelles pour :<\/p><ul data-start=\"981\" data-end=\"1195\"><li data-start=\"981\" data-end=\"1029\"><p data-start=\"983\" data-end=\"1029\">r\u00e9pondre \u00e0 vos demandes de renseignements ou de services.<\/p><\/li><li data-start=\"1030\" data-end=\"1077\"><p data-start=\"1032\" data-end=\"1077\">Am\u00e9liorer et personnaliser votre exp\u00e9rience d'utilisateur.<\/p><\/li><li data-start=\"1078\" data-end=\"1136\"><p data-start=\"1080\" data-end=\"1136\">Analyser le trafic et l'utilisation du site gr\u00e2ce \u00e0 Google Analytics.<\/p><\/li><li data-start=\"1137\" data-end=\"1195\"><p data-start=\"1139\" data-end=\"1195\">Envoyer des mises \u00e0 jour ou des messages marketing (uniquement si vous acceptez).<\/p><\/li><\/ul><hr data-start=\"1197\" data-end=\"1200\" \/><h4>3. Base juridique du traitement<\/h4><p data-start=\"1236\" data-end=\"1309\">Nous ne traitons vos donn\u00e9es \u00e0 caract\u00e8re personnel que lorsque nous disposons d'une base juridique, notamment :<\/p><ul data-start=\"1311\" data-end=\"1552\"><li data-start=\"1311\" data-end=\"1371\"><p data-start=\"1313\" data-end=\"1371\">Votre <strong data-start=\"1318\" data-end=\"1329\">consentement<\/strong> (par exemple, formulaires de contact ou marketing par courrier \u00e9lectronique).<\/p><\/li><li data-start=\"1372\" data-end=\"1434\"><p data-start=\"1374\" data-end=\"1434\">Le <strong data-start=\"1378\" data-end=\"1407\">l'ex\u00e9cution d'un contrat<\/strong> (lors de la prestation de services).<\/p><\/li><li data-start=\"1435\" data-end=\"1511\"><p data-start=\"1437\" data-end=\"1511\">Notre <strong data-start=\"1441\" data-end=\"1464\">int\u00e9r\u00eat l\u00e9gitime<\/strong> (par exemple, am\u00e9lioration du site web, pr\u00e9vention de la fraude).<\/p><\/li><li data-start=\"1512\" data-end=\"1552\"><p data-start=\"1514\" data-end=\"1552\">Conformit\u00e9 avec <strong data-start=\"1530\" data-end=\"1551\">obligations l\u00e9gales<\/strong>.<\/p><\/li><\/ul><hr data-start=\"1554\" data-end=\"1557\" \/><h4>4. Cookies<\/h4><p data-start=\"1574\" data-end=\"1715\">Nous utilisons des cookies et des technologies similaires pour am\u00e9liorer votre exp\u00e9rience de navigation. Vous pouvez g\u00e9rer ou d\u00e9sactiver les cookies par le biais des param\u00e8tres de votre navigateur.<\/p><hr data-start=\"1717\" data-end=\"1720\" \/><h4>5. Partage des donn\u00e9es<\/h4><p data-start=\"1742\" data-end=\"1802\">Nous le faisons <strong data-start=\"1748\" data-end=\"1760\">ne pas vendre<\/strong> vos donn\u00e9es personnelles. Nous pouvons les partager avec<\/p><ul data-start=\"1804\" data-end=\"2005\"><li data-start=\"1804\" data-end=\"1940\"><p data-start=\"1806\" data-end=\"1940\">Les fournisseurs de services tiers de confiance (par exemple, h\u00e9bergement, analyse, CRM) qui traitent les donn\u00e9es en notre nom dans le cadre d'accords de confidentialit\u00e9.<\/p><\/li><li data-start=\"1941\" data-end=\"2005\"><p data-start=\"1943\" data-end=\"2005\">Les autorit\u00e9s si la loi l'exige ou pour prot\u00e9ger nos droits l\u00e9gaux.<\/p><\/li><\/ul><hr data-start=\"2007\" data-end=\"2010\" \/><h4>6. S\u00e9curit\u00e9 des donn\u00e9es<\/h4><p data-start=\"2033\" data-end=\"2179\">Nous mettons en \u0153uvre des mesures techniques et organisationnelles appropri\u00e9es pour prot\u00e9ger vos donn\u00e9es personnelles contre l'acc\u00e8s, la divulgation ou la destruction non autoris\u00e9s.<\/p><hr data-start=\"2181\" data-end=\"2184\" \/><h4>7. Vos droits (GDPR)<\/h4><p data-start=\"2212\" data-end=\"2234\">Vous avez le droit de :<\/p><ul data-start=\"2236\" data-end=\"2415\"><li data-start=\"2236\" data-end=\"2276\"><p data-start=\"2238\" data-end=\"2276\">Acc\u00e9der \u00e0 vos donn\u00e9es personnelles et les corriger.<\/p><\/li><li data-start=\"2277\" data-end=\"2327\"><p data-start=\"2279\" data-end=\"2327\">Demander la suppression des donn\u00e9es (\"droit \u00e0 l'oubli\").<\/p><\/li><li data-start=\"2328\" data-end=\"2363\"><p data-start=\"2330\" data-end=\"2363\">S'opposer au traitement ou le restreindre.<\/p><\/li><li data-start=\"2364\" data-end=\"2383\"><p data-start=\"2366\" data-end=\"2383\">La portabilit\u00e9 des donn\u00e9es.<\/p><\/li><li data-start=\"2384\" data-end=\"2415\"><p data-start=\"2386\" data-end=\"2415\">Retirer son consentement \u00e0 tout moment.<\/p><\/li><\/ul><p data-start=\"2417\" data-end=\"2490\">Pour exercer vos droits, contactez-nous \u00e0 l'adresse suivante <strong data-start=\"2457\" data-end=\"2490\"><a class=\"cursor-pointer\" href=\"https:\/\/linkbuildingfrance.fr\/fr\/contact\/\" rel=\"noopener\" data-start=\"2459\" data-end=\"2488\">contact<\/a><\/strong><\/p><hr data-start=\"2492\" data-end=\"2495\" \/><h4>8. Conservation des donn\u00e9es<\/h4><p data-start=\"2519\" data-end=\"2630\">Nous ne conservons vos donn\u00e9es qu'aussi longtemps que n\u00e9cessaire aux fins d\u00e9crites ci-dessus ou que l'exige la l\u00e9gislation applicable.<\/p><hr data-start=\"2632\" data-end=\"2635\" \/><h4>9. Transferts internationaux<\/h4><p data-start=\"2668\" data-end=\"2820\">Si nous transf\u00e9rons vos donn\u00e9es en dehors de l'Espace \u00e9conomique europ\u00e9en (EEE), nous veillons \u00e0 ce que des garanties appropri\u00e9es soient mises en place (telles que les clauses contractuelles types).<\/p><hr data-start=\"2822\" data-end=\"2825\" \/><h4>10. Mises \u00e0 jour de la pr\u00e9sente politique<\/h4><p data-start=\"2858\" data-end=\"2991\">Nous pouvons mettre \u00e0 jour la pr\u00e9sente politique de confidentialit\u00e9 de temps \u00e0 autre. La version mise \u00e0 jour sera publi\u00e9e sur cette page avec une \"date d'entr\u00e9e en vigueur\" r\u00e9vis\u00e9e.<\/p>\t\t\t\t\t\t\t\t<\/div>\n\t\t\t\t<\/div>\n\t\t\t\t\t<\/div>\n\t\t\t\t<\/div>\n\t\t\t\t<\/div>","protected":false},"excerpt":{"rendered":"<p>Politique de confidentialit\u00e9 Date d'entr\u00e9e en vigueur : [2025.06.08] LinkBuilding France (\"nous\", \"notre\", ou \"nos\") accorde une grande importance \u00e0 votre vie priv\u00e9e. Cette politique de confidentialit\u00e9 explique comment nous collectons, utilisons, [...]<\/p>","protected":false},"author":1,"featured_media":0,"parent":0,"menu_order":0,"comment_status":"closed","ping_status":"closed","template":"page-templates\/page_front-page.php","meta":{"footnotes":""},"class_list":["post-1390","page","type-page","status-publish","hentry"],"_links":{"self":[{"href":"https:\/\/linkbuildingfrance.fr\/fr\/wp-json\/wp\/v2\/pages\/1390","targetHints":{"allow":["GET"]}}],"collection":[{"href":"https:\/\/linkbuildingfrance.fr\/fr\/wp-json\/wp\/v2\/pages"}],"about":[{"href":"https:\/\/linkbuildingfrance.fr\/fr\/wp-json\/wp\/v2\/types\/page"}],"author":[{"embeddable":true,"href":"https:\/\/linkbuildingfrance.fr\/fr\/wp-json\/wp\/v2\/users\/1"}],"replies":[{"embeddable":true,"href":"https:\/\/linkbuildingfrance.fr\/fr\/wp-json\/wp\/v2\/comments?post=1390"}],"version-history":[{"count":8,"href":"https:\/\/linkbuildingfrance.fr\/fr\/wp-json\/wp\/v2\/pages\/1390\/revisions"}],"predecessor-version":[{"id":1426,"href":"https:\/\/linkbuildingfrance.fr\/fr\/wp-json\/wp\/v2\/pages\/1390\/revisions\/1426"}],"wp:attachment":[{"href":"https:\/\/linkbuildingfrance.fr\/fr\/wp-json\/wp\/v2\/media?parent=1390"}],"curies":[{"name":"wp","href":"https:\/\/api.w.org\/{rel}","templated":true}]}}